{"id":36,"date":"2021-04-02T19:34:16","date_gmt":"2021-04-02T19:34:16","guid":{"rendered":"https:\/\/awn-archeologie.nl\/werkgroep\/steentijd\/?page_id=36"},"modified":"2021-05-07T14:04:54","modified_gmt":"2021-05-07T14:04:54","slug":"links","status":"publish","type":"page","link":"https:\/\/awn-archeologie.nl\/werkgroep\/steentijd\/links\/","title":{"rendered":"Links"},"content":{"rendered":"<p>Op deze pagina staan een aantal internetlinks naar voor de steentijd archeologisch interessante pagina&#8217;s (onderstreepte tekst in de tabel aanklikken).<\/p>\n\n<table id=\"tablepress-4\" class=\"tablepress tablepress-id-4\">\n<thead>\n<tr class=\"row-1\">\n\t<th class=\"column-1\">Hier u oplopend of aflopend sorteren<\/th>\n<\/tr>\n<\/thead>\n<tbody class=\"row-striping row-hover\">\n<tr class=\"row-2\">\n\t<td class=\"column-1\"><u><a href=\"https:\/\/viewer.ahn.nl\/AHN4\/DTM\/0\/6.5465\/52.26738\/3\" rel=\"noopener\" target=\"_blank\">AHN<\/a><\/u> Actueel Hoogtebestand Nederland<\/td>\n<\/tr>\n<tr class=\"row-3\">\n\t<td class=\"column-1\"><u><a href=\"https:\/\/www.cultureelerfgoed.nl\/onderwerpen\/bronnen-en-kaarten\/overzicht\/synthese-archeologische-onderzoeksrapporten\" rel=\"noopener\" target=\"_blank\">Archeologische synthese<\/a><\/u><\/td>\n<\/tr>\n<tr class=\"row-4\">\n\t<td class=\"column-1\"><u><a href=\"https:\/\/www.awn-archeologie.nl\/\" rel=\"noopener\" target=\"_blank\">AWN<\/a><\/u> Vereniging van Vrijwilligers in de Archeologie<\/td>\n<\/tr>\n<tr class=\"row-5\">\n\t<td class=\"column-1\"><u><a href=\"https:\/\/www.geologischekaart.nl\/\" rel=\"noopener\" target=\"_blank\">Bodemkaart<\/a><\/u> van Nederland<\/td>\n<\/tr>\n<tr class=\"row-6\">\n\t<td class=\"column-1\"><u><a href=\"https:\/\/www.persee.fr\/collection\/bspf\" rel=\"noopener\" target=\"_blank\">Bulletin de la Soci\u00e9t\u00e9 pr\u00e9historique fran\u00e7aise<\/a><\/u><\/td>\n<\/tr>\n<tr class=\"row-7\">\n\t<td class=\"column-1\"><u><a href=\"https:\/\/www.brabantsheem.nl\/kringen\/\" rel=\"noopener\" target=\"_blank\">Brabants Heem<\/a><\/u> hier vindt je de contactadressen van Heemkundekringen<\/td>\n<\/tr>\n<tr class=\"row-8\">\n\t<td class=\"column-1\">DANS <u><a href=\"https:\/\/dataverse.nl\/\" rel=\"noopener\" target=\"_blank\">DataverseNL<\/a><\/u> al tijdens onderzoek kunnen onderzoeksdata opgeslagen, gedeeld en gepubliceerd worden via DataverseNL. <\/td>\n<\/tr>\n<tr class=\"row-9\">\n\t<td class=\"column-1\">DANS <u><a href=\"https:\/\/easy.dans.knaw.nl\/ui\/home\" rel=\"noopener\" target=\"_blank\">Easy<\/a><\/u> na afloop van onderzoek kunnen onderzoeksdata duurzaam opgeslagen en gedeeld worden via het online archiveringssysteem EASY. <\/td>\n<\/tr>\n<tr class=\"row-10\">\n\t<td class=\"column-1\">DANS <u><a href=\"https:\/\/www.narcis.nl\/?Language=nl\" rel=\"noopener\" target=\"_blank\">Narcis<\/a><\/u> onderzoeksgegevens zoals onderzoeksprojecten en publicaties kunnen gedeeld worden via wetenschapsportal NARCIS. <\/td>\n<\/tr>\n<tr class=\"row-11\">\n\t<td class=\"column-1\">DINOloket <a href=\"https:\/\/www.dinoloket.nl\/ondergrondmodellen\/kaart\" rel=\"noopener\" target=\"_blank\">Data en in informatie over de Nederlandse ondergrond<\/a><\/td>\n<\/tr>\n<tr class=\"row-12\">\n\t<td class=\"column-1\"><u><a href=\"https:\/\/www.erfgoedbrabantacademie.nl\/cursusaanbod\" rel=\"noopener\" target=\"_blank\">ErfgoedAcademie<\/a><\/u> scholing en erfgoedkennis in Brabant<\/td>\n<\/tr>\n<tr class=\"row-13\">\n\t<td class=\"column-1\"><u><a href=\"https:\/\/www.geologischekaart.nl\/\" rel=\"noopener\" target=\"_blank\">Geologische kaart<\/a><\/u> van Nederland<\/td>\n<\/tr>\n<tr class=\"row-14\">\n\t<td class=\"column-1\"><u><a href=\"https:\/\/hisgis.fa.knaw.nl\/?db=brabant&amp;layer=050percelen%20NoordBrabant%201832&amp;layer=050gebouwen%20NoordBrabant%201832&amp;layer=050gebouwen%20Loon%20op%20Zand%201832&amp;layer=050percelen%20Loon%20op%20Zand%201832&amp;style=2&amp;style=0&amp;style=1&amp;style=4&amp;x0=119283.55311&amp;x1=119317.353758&amp;y0=417559.225263&amp;y1=417525.424615\" rel=\"noopener\" target=\"_blank\">HISGIS<\/a><\/u> kaartmateriaal vanaf 1832<\/td>\n<\/tr>\n<tr class=\"row-15\">\n\t<td class=\"column-1\"><u><a href=\"https:\/\/www.javawa.nl\/coords.html\" rel=\"noopener\" target=\"_blank\">JaVaWa GPS-tools<\/a><\/u> co\u00f6rdinaten omrekenen van WGS 84 naar RD en vv<\/td>\n<\/tr>\n<tr class=\"row-16\">\n\t<td class=\"column-1\">Noord-Brabants Archeologisch Genootschap <u><a href=\"http:\/\/nbag.nl\/\" rel=\"noopener\" target=\"_blank\">(NBAG)<\/a><\/u><\/td>\n<\/tr>\n<tr class=\"row-17\">\n\t<td class=\"column-1\"><u><a href=\"https:\/\/www.openstreetmap.org\/#map=8\/52.154\/5.295\" rel=\"noopener\" target=\"_blank\">Open Streetmap<\/a><\/u> voor up-to-date topografische kaarten<\/td>\n<\/tr>\n<tr class=\"row-18\">\n\t<td class=\"column-1\"><u><a href=\"https:\/\/www.opentopo.nl\/\" rel=\"noopener\" target=\"_blank\">OpenTopo<\/a><\/u> topografie uit open geodatabronnen<\/td>\n<\/tr>\n<tr class=\"row-19\">\n\t<td class=\"column-1\"><u><a href=\"https:\/\/www.cultureelerfgoed.nl\/onderwerpen\/b\/bronnen-en-kaarten\/overzicht\" rel=\"noopener\" target=\"_blank\">Kaarten RCE<\/a><\/u><\/td>\n<\/tr>\n<tr class=\"row-20\">\n\t<td class=\"column-1\"><u><a href=\"https:\/\/www.portable-antiquities.nl\/pan\/#\/public\" rel=\"noopener\" target=\"_blank\">PAN<\/a><\/u> meldpunt voor vlakvondsten<\/td>\n<\/tr>\n<tr class=\"row-21\">\n\t<td class=\"column-1\"><u><a href=\"https:\/\/www.pdok.nl\/\" rel=\"noopener\" target=\"_blank\">PDOK<\/a><\/u> open datasets van de overheid<\/td>\n<\/tr>\n<tr class=\"row-22\">\n\t<td class=\"column-1\">Melden bodemvondsten  <a href=\"https:\/\/formulier.cultureelerfgoed.nl\/archis\/vondstmeldingsformulier\" rel=\"noopener\" target=\"_blank\"> Bodemvondsten<\/a><\/td>\n<\/tr>\n<tr class=\"row-23\">\n\t<td class=\"column-1\"><a href=\"https:\/\/www.raap.nl\/magazine\/\" rel=\"noopener\" target=\"_blank\">RAAP Magazine<\/a><\/td>\n<\/tr>\n<tr class=\"row-24\">\n\t<td class=\"column-1\"><u><a href=\"https:\/\/www.cultureelerfgoed.nl\/domeinen\/archeologie\" rel=\"noopener\" target=\"_blank\">RCE<\/a><\/u> overzicht Nederlandse Archeologische Rapporten (NAR) en overzicht Rapportages Archeologische Monumentenzorg (RAM)<\/td>\n<\/tr>\n<tr class=\"row-25\">\n\t<td class=\"column-1\"><u><a href=\"https:\/\/beeldbank.cultureelerfgoed.nl\/rce-mediabank\/?mode=gallery&amp;view=horizontal&amp;rows=1&amp;page=1&amp;sort=random%7B1593696934896%7D%20asc&amp;reverse=0&amp;fq%5B%5D=search_s_entity_name:%22Kadastrale%20kaarten%22&amp;filterAction\" rel=\"noopener\" target=\"_blank\">RCE<\/a><\/u> kadastrale kaarten<\/td>\n<\/tr>\n<tr class=\"row-26\">\n\t<td class=\"column-1\"><u><a href=\"https:\/\/satellietdataportaal.nl\/\" rel=\"noopener\" target=\"_blank\">Satellietdataportaal<\/a><\/u> voor lucht- en satellietfoto\u2019s<\/td>\n<\/tr>\n<tr class=\"row-27\">\n\t<td class=\"column-1\"><u><a href=\"https:\/\/www.topotijdreis.nl\/\" rel=\"noopener\" target=\"_blank\">Topotijdreis<\/a><\/u> 200 jaar topografie<\/td>\n<\/tr>\n<tr class=\"row-28\">\n\t<td class=\"column-1\"><a href=\"https:\/\/biblio.naturalsciences.be\/associated_publications\/notae-praehistoricae#b_start=0\" target=\"_blank\">Notae Praehistorica<\/a><\/u> Alle nummers op een rij<\/td>\n<\/tr>\n<tr class=\"row-29\">\n\t<td class=\"column-1\"><a href=\"https:\/\/heir.arch.ox.ac.uk\/pages\/home.php?login=true\" target=\"_blank\">Zoeken in een Engelse database van foto's<\/a><\/td>\n<\/tr>\n<tr class=\"row-30\">\n\t<td class=\"column-1\"><u><a href=\"https:\/\/www.rmo.nl\/onderzoek\/steentijddag\/\" rel=\"noopener\" target=\"_blank\">Steentijddag<\/a><\/u> Informatie over de Jaarlijkse Steentijddag in februari<\/td>\n<\/tr>\n<\/tbody>\n<\/table>\n<!-- #tablepress-4 from cache -->\n","protected":false},"excerpt":{"rendered":"<p>Op deze pagina staan een aantal internetlinks naar voor de steentijd archeologisch interessante pagina&#8217;s (onderstreepte tekst in de tabel aanklikken).<\/p>\n","protected":false},"author":1,"featured_media":0,"parent":0,"menu_order":0,"comment_status":"closed","ping_status":"closed","template":"","meta":{"footnotes":""},"class_list":["post-36","page","type-page","status-publish","hentry"],"_links":{"self":[{"href":"https:\/\/awn-archeologie.nl\/werkgroep\/steentijd\/wp-json\/wp\/v2\/pages\/36","targetHints":{"allow":["GET"]}}],"collection":[{"href":"https:\/\/awn-archeologie.nl\/werkgroep\/steentijd\/wp-json\/wp\/v2\/pages"}],"about":[{"href":"https:\/\/awn-archeologie.nl\/werkgroep\/steentijd\/wp-json\/wp\/v2\/types\/page"}],"author":[{"embeddable":true,"href":"https:\/\/awn-archeologie.nl\/werkgroep\/steentijd\/wp-json\/wp\/v2\/users\/1"}],"replies":[{"embeddable":true,"href":"https:\/\/awn-archeologie.nl\/werkgroep\/steentijd\/wp-json\/wp\/v2\/comments?post=36"}],"version-history":[{"count":2,"href":"https:\/\/awn-archeologie.nl\/werkgroep\/steentijd\/wp-json\/wp\/v2\/pages\/36\/revisions"}],"predecessor-version":[{"id":112,"href":"https:\/\/awn-archeologie.nl\/werkgroep\/steentijd\/wp-json\/wp\/v2\/pages\/36\/revisions\/112"}],"wp:attachment":[{"href":"https:\/\/awn-archeologie.nl\/werkgroep\/steentijd\/wp-json\/wp\/v2\/media?parent=36"}],"curies":[{"name":"wp","href":"https:\/\/api.w.org\/{rel}","templated":true}]}}